{"id":253,"date":"2024-07-30T15:41:35","date_gmt":"2024-07-30T15:41:35","guid":{"rendered":"https:\/\/emojikitchen.pro\/about-us\/"},"modified":"2024-08-12T11:20:19","modified_gmt":"2024-08-12T11:20:19","slug":"about-us","status":"publish","type":"page","link":"https:\/\/emojikitchen.pro\/tr\/about-us\/","title":{"rendered":"About us"},"content":{"rendered":"\n<p class=\"kt-adv-heading253_bd55cf-59 wp-block-kadence-advancedheading\" data-kb-block=\"kb-adv-heading253_bd55cf-59\">Yarat\u0131c\u0131l\u0131k ve yenilik d\u00fcnyam\u0131za ho\u015f geldiniz! EmojiKitchen.pro&#8217;da, ifadenin g\u00fcc\u00fcne ve ileti\u015fimin ne\u015fesine inan\u0131yoruz. Misyonumuz, en son dijital ara\u00e7lar ve \u00f6zellikler arac\u0131l\u0131\u011f\u0131yla ba\u015fkalar\u0131yla ba\u011flant\u0131 kurma \u015feklinizi geli\u015ftirmektir.<\/p>\n\n\n\n<h2 class=\"kt-adv-heading253_242d7e-36 wp-block-kadence-advancedheading\" data-kb-block=\"kb-adv-heading253_242d7e-36\">Emoji Mutfa\u011f\u0131: \u00d6zel Emoji Mashup&#8217;lar\u0131 ile Yarat\u0131c\u0131l\u0131\u011f\u0131n\u0131z\u0131 Ortaya \u00c7\u0131kar\u0131n<\/h2>\n\n\n\n<p class=\"kt-adv-heading253_7aebb6-2d wp-block-kadence-advancedheading\" data-kb-block=\"kb-adv-heading253_7aebb6-2d\">\u00d6ne \u00e7\u0131kan \u00f6zelliklerimizden biri, Google&#8217;\u0131n kullan\u0131c\u0131lar\u0131n \u00f6zel emoji kar\u0131\u015f\u0131mlar\u0131 olu\u015fturmas\u0131na olanak tan\u0131yan keyifli ve yenilik\u00e7i bir ara\u00e7 olan Emoji Kitchen. Google&#8217;\u0131n klavye uygulamas\u0131 Gboard&#8217;da kullan\u0131ma sunulan Emoji Kitchen, mevcut iki emojiyi benzersiz bir melezde birle\u015ftirerek duygu ve fikirleri ifade etmenin e\u011flenceli bir yolunu sunuyor. Bu \u00f6zellik, emojilerin yarat\u0131c\u0131 potansiyelinden yararlanarak kullan\u0131c\u0131lar\u0131n duygular\u0131n\u0131n m\u00fckemmel g\u00f6rsel temsilini bulmak i\u00e7in binlerce kombinasyonu denemelerine olanak tan\u0131yor.<\/p>\n\n\n\n<h3 class=\"kt-adv-heading253_9f0bf8-b6 wp-block-kadence-advancedheading\" data-kb-block=\"kb-adv-heading253_9f0bf8-b6\">Kendinizi \u0130fade Etmenin Yeni Bir Yolu<\/h3>\n\n\n\n<p class=\"kt-adv-heading253_243f86-44 wp-block-kadence-advancedheading\" data-kb-block=\"kb-adv-heading253_243f86-44\">Yo\u011fun ne\u015fe ve sevgiyi ifade eden s\u00fcper etkileyici bir emoji olu\u015fturmak i\u00e7in g\u00fclen y\u00fcz ile kalp g\u00f6zleri birle\u015ftirdi\u011finizi hayal edin. Ya da dikenli bir kutlamay\u0131 tasvir etmek i\u00e7in bir kakt\u00fcs\u00fc bir parti popper&#8217;\u0131 ile kar\u0131\u015ft\u0131r\u0131n. Dijital ileti\u015fime yeni bir e\u011flence katman\u0131 ekleyen olas\u0131l\u0131klar \u00e7ok geni\u015ftir ve genellikle mizahidir. Emoji Kitchen sadece ileti\u015fim \u015feklimizi geli\u015ftirmekle kalm\u0131yor, ayn\u0131 zamanda kullan\u0131c\u0131lar\u0131 kal\u0131plar\u0131n d\u0131\u015f\u0131nda d\u00fc\u015f\u00fcnmeye ve mesajlar\u0131nda yarat\u0131c\u0131 olmaya te\u015fvik ediyor.<\/p>\n\n\n\n<h3 class=\"kt-adv-heading253_6684c2-6d wp-block-kadence-advancedheading\" data-kb-block=\"kb-adv-heading253_6684c2-6d\">Emoji Kitchen Nas\u0131l Kullan\u0131l\u0131r?<\/h3>\n\n\n\n<p class=\"kt-adv-heading253_16d632-0c wp-block-kadence-advancedheading\" data-kb-block=\"kb-adv-heading253_16d632-0c\">Bu \u00f6zelli\u011fin kullan\u0131m\u0131 kolayd\u0131r: Gboard&#8217;da bir emojiye dokunman\u0131z yeterlidir; klavye \u00e7e\u015fitli mashup se\u00e7enekleri \u00f6nerecektir. Bu \u00f6neriler ba\u011flama duyarl\u0131d\u0131r ve se\u00e7ti\u011finiz emojiye g\u00f6re de\u011fi\u015ferek olu\u015fturma s\u00fcrecini sezgisel ve sorunsuz hale getirir. \u0130ster karma\u015f\u0131k bir duyguyu aktarmaya \u00e7al\u0131\u015f\u0131yor ister metninize biraz tuhafl\u0131k katmak istiyor olun, Emoji Kitchen kendinizi ifade etmeniz i\u00e7in \u00e7ok y\u00f6nl\u00fc bir ara\u00e7 seti sunuyor.<\/p>\n\n\n\n<h3 class=\"kt-adv-heading253_fd4c11-8a wp-block-kadence-advancedheading\" data-kb-block=\"kb-adv-heading253_fd4c11-8a\">Ki\u015fisel Mesajla\u015fman\u0131n \u00d6tesinde<\/h3>\n\n\n\n<p class=\"kt-adv-heading253_310ab3-56 wp-block-kadence-advancedheading\" data-kb-block=\"kb-adv-heading253_310ab3-56\">Emoji Kitchen, ki\u015fisel mesajla\u015fman\u0131n \u00f6tesinde, kullan\u0131c\u0131lar\u0131n payla\u015f\u0131mlar\u0131nda ve hikayelerinde \u00f6ne \u00e7\u0131kan benzersiz emojiler olu\u015fturmalar\u0131na olanak tan\u0131yarak sosyal medyada da kendine yer buldu. Bu, statik g\u00f6r\u00fcnt\u00fclerin yerini dinamik ve ki\u015fiselle\u015ftirilmi\u015f ifadelere b\u0131rakt\u0131\u011f\u0131 dijital ileti\u015fimin geli\u015fen do\u011fas\u0131n\u0131n bir kan\u0131t\u0131d\u0131r.<\/p>\n\n\n\n<h2 class=\"kt-adv-heading253_e52608-80 wp-block-kadence-advancedheading\" data-kb-block=\"kb-adv-heading253_e52608-80\">Sonu\u00e7<\/h2>\n\n\n\n<p class=\"kt-adv-heading253_7f955b-59 wp-block-kadence-advancedheading\" data-kb-block=\"kb-adv-heading253_7f955b-59\">Emoji Kitchen \u00f6z\u00fcnde e\u011flenceli bir ara\u00e7tan daha fazlas\u0131d\u0131r; dijital \u00e7a\u011fda yarat\u0131c\u0131l\u0131\u011f\u0131n ve bireyselli\u011fin bir kutlamas\u0131d\u0131r. Kullan\u0131c\u0131lar\u0131n kendi emojilerini olu\u015fturmalar\u0131n\u0131 sa\u011flayarak, ki\u015fisel ifadenin \u00f6nemini ve g\u00f6rsel dilin sonsuz olanaklar\u0131n\u0131 vurguluyor. \u0130ster s\u0131radan bir mesajla\u015fmac\u0131 ister sosyal medya merakl\u0131s\u0131 olun, Emoji Kitchen&#8217;\u0131n \u00e7evrimi\u00e7i etkile\u015fimlerinize yarat\u0131c\u0131l\u0131k kataca\u011f\u0131ndan emin olabilirsiniz.<\/p>\n\n\n\n<h2 class=\"kt-adv-heading253_d28cff-79 wp-block-kadence-advancedheading\" data-kb-block=\"kb-adv-heading253_d28cff-79\">Bize Ula\u015f\u0131n<\/h2>\n\n\n\n<p class=\"kt-adv-heading253_2258b2-6a wp-block-kadence-advancedheading\" data-kb-block=\"kb-adv-heading253_2258b2-6a\">Sizden haber almak isteriz! Herhangi bir sorunuz, geri bildiriminiz varsa veya sadece Emoji Kitchen kreasyonlar\u0131n\u0131z\u0131 payla\u015fmak istiyorsan\u0131z, ileti\u015fim sayfam\u0131zdan bize ula\u015fmaktan \u00e7ekinmeyin.<\/p>\n","protected":false},"excerpt":{"rendered":"","protected":false},"author":2,"featured_media":0,"parent":0,"menu_order":0,"comment_status":"closed","ping_status":"closed","template":"","meta":{"_kad_post_transparent":"","_kad_post_title":"","_kad_post_layout":"","_kad_post_sidebar_id":"","_kad_post_content_style":"","_kad_post_vertical_padding":"","_kad_post_feature":"","_kad_post_feature_position":"","_kad_post_header":false,"_kad_post_footer":false,"_kad_post_classname":"","footnotes":""},"class_list":["post-253","page","type-page","status-publish","hentry"],"_links":{"self":[{"href":"https:\/\/emojikitchen.pro\/tr\/wp-json\/wp\/v2\/pages\/253","targetHints":{"allow":["GET"]}}],"collection":[{"href":"https:\/\/emojikitchen.pro\/tr\/wp-json\/wp\/v2\/pages"}],"about":[{"href":"https:\/\/emojikitchen.pro\/tr\/wp-json\/wp\/v2\/types\/page"}],"author":[{"embeddable":true,"href":"https:\/\/emojikitchen.pro\/tr\/wp-json\/wp\/v2\/users\/2"}],"replies":[{"embeddable":true,"href":"https:\/\/emojikitchen.pro\/tr\/wp-json\/wp\/v2\/comments?post=253"}],"version-history":[{"count":2,"href":"https:\/\/emojikitchen.pro\/tr\/wp-json\/wp\/v2\/pages\/253\/revisions"}],"predecessor-version":[{"id":414,"href":"https:\/\/emojikitchen.pro\/tr\/wp-json\/wp\/v2\/pages\/253\/revisions\/414"}],"wp:attachment":[{"href":"https:\/\/emojikitchen.pro\/tr\/wp-json\/wp\/v2\/media?parent=253"}],"curies":[{"name":"wp","href":"https:\/\/api.w.org\/{rel}","templated":true}]}}