{"id":252,"date":"2024-07-30T15:45:05","date_gmt":"2024-07-30T15:45:05","guid":{"rendered":"https:\/\/emojikitchen.pro\/contact-us\/"},"modified":"2024-08-12T11:20:13","modified_gmt":"2024-08-12T11:20:13","slug":"contact-us","status":"publish","type":"page","link":"https:\/\/emojikitchen.pro\/tr\/contact-us\/","title":{"rendered":"Contact Us"},"content":{"rendered":"\n<p class=\"kt-adv-heading252_6645f2-2c wp-block-kadence-advancedheading\" data-kb-block=\"kb-adv-heading252_6645f2-2c\">EmojiKitchen.pro&#8217;ya ho\u015f geldiniz, EmojiKitchen.pro i\u00e7in nihai rehberiniz.<\/p>\n\n\n\n<h2 class=\"kt-adv-heading252_267ac0-33 wp-block-kadence-advancedheading\" data-kb-block=\"kb-adv-heading252_267ac0-33\"><strong>Size yard\u0131mc\u0131 olmak i\u00e7in buraday\u0131z<\/strong><\/h2>\n\n\n\n<p class=\"kt-adv-heading252_3962ba-cc wp-block-kadence-advancedheading\" data-kb-block=\"kb-adv-heading252_3962ba-cc\">Herhangi bir sorunuz, \u00f6neriniz veya yard\u0131ma ihtiyac\u0131n\u0131z var m\u0131? Ekibimiz, yemek deneyimlerinizi keyifli ve uygun fiyatl\u0131 hale getirmek i\u00e7in ihtiya\u00e7 duydu\u011funuz bilgi ve deste\u011fi size sa\u011flamaya kendini adam\u0131\u015ft\u0131r.<\/p>\n\n\n\n<h2 class=\"kt-adv-heading252_6dcd57-c7 wp-block-kadence-advancedheading\" data-kb-block=\"kb-adv-heading252_6dcd57-c7\"><strong>Bize ula\u015f\u0131n<\/strong><ul class=\"wp-block-list\" style=\"box-sizing: border-box; margin: 0 0 var(--global-md-spacing); color: rgb(45, 55, 72); font-size: medium; font-weight: 400; white-space-collapse: collapse; background-color: rgb(255, 255, 255);\"><\/ul><\/h2>\n\n\n\n<ul class=\"wp-block-list\">\n<li>E-posta: Sorular\u0131n\u0131z, yard\u0131m almak veya yemek deneyimlerinizi payla\u015fmak i\u00e7in l\u00fctfen a\u015fa\u011f\u0131daki ileti\u015fim formu arac\u0131l\u0131\u011f\u0131yla bizimle ileti\u015fime ge\u00e7in. T\u00fcm e-postalara 24 saat i\u00e7inde yan\u0131t vermeye \u00e7al\u0131\u015f\u0131yoruz.<\/li>\n\n\n\n<li>Geri bildirim ve \u00f6neriler: G\u00f6r\u00fc\u015f ve \u00f6nerilerinize de\u011fer veriyoruz. L\u00fctfen d\u00fc\u015f\u00fcncelerinizi payla\u015farak EmojiKitchen.pro&#8217;yu geli\u015ftirmemize yard\u0131mc\u0131 olun.<\/li>\n<\/ul>\n\n\n\n<h2 class=\"kt-adv-heading252_49c923-ad wp-block-kadence-advancedheading\" data-kb-block=\"kb-adv-heading252_49c923-ad\"><strong>Toplulu\u011fumuza kat\u0131l\u0131n<\/strong><\/h2>\n\n\n\n<p>Oyun merakl\u0131lar\u0131 ve pazarl\u0131k avc\u0131lar\u0131ndan olu\u015fan ve giderek b\u00fcy\u00fcyen toplulu\u011fumuzun bir par\u00e7as\u0131 olun. Bulgular\u0131n\u0131z\u0131, ipu\u00e7lar\u0131n\u0131z\u0131 ve sorular\u0131n\u0131z\u0131 di\u011fer \u00fcyelerle payla\u015f\u0131n ve d\u00fcnya \u00e7ap\u0131nda oyunla ilgili her \u015fey i\u00e7in kaynak dolu bir alan olu\u015fturmam\u0131za yard\u0131mc\u0131 olun.<\/p>\n\n\n\n<p>Bizi tercih etti\u011finiz i\u00e7in te\u015fekk\u00fcr ederiz<\/p>\n\n\n<p class=\"wpcf7-contact-form-not-found\"><strong>Hata:<\/strong> \u0130leti\u015fim formu bulunamad\u0131.<\/p>\n","protected":false},"excerpt":{"rendered":"<p>Oyun merakl\u0131lar\u0131 ve pazarl\u0131k avc\u0131lar\u0131ndan olu\u015fan ve giderek b\u00fcy\u00fcyen toplulu\u011fumuzun bir par\u00e7as\u0131 olun. Bulgular\u0131n\u0131z\u0131, ipu\u00e7lar\u0131n\u0131z\u0131 ve sorular\u0131n\u0131z\u0131 di\u011fer \u00fcyelerle payla\u015f\u0131n ve d\u00fcnya \u00e7ap\u0131nda oyunla ilgili her \u015fey i\u00e7in kaynak dolu bir alan olu\u015fturmam\u0131za yard\u0131mc\u0131 olun. Bizi tercih etti\u011finiz i\u00e7in te\u015fekk\u00fcr ederiz<\/p>\n","protected":false},"author":2,"featured_media":0,"parent":0,"menu_order":0,"comment_status":"closed","ping_status":"closed","template":"","meta":{"_kad_post_transparent":"default","_kad_post_title":"default","_kad_post_layout":"normal","_kad_post_sidebar_id":"","_kad_post_content_style":"","_kad_post_vertical_padding":"hide","_kad_post_feature":"hide","_kad_post_feature_position":"","_kad_post_header":false,"_kad_post_footer":false,"_kad_post_classname":"","footnotes":""},"class_list":["post-252","page","type-page","status-publish","hentry"],"_links":{"self":[{"href":"https:\/\/emojikitchen.pro\/tr\/wp-json\/wp\/v2\/pages\/252","targetHints":{"allow":["GET"]}}],"collection":[{"href":"https:\/\/emojikitchen.pro\/tr\/wp-json\/wp\/v2\/pages"}],"about":[{"href":"https:\/\/emojikitchen.pro\/tr\/wp-json\/wp\/v2\/types\/page"}],"author":[{"embeddable":true,"href":"https:\/\/emojikitchen.pro\/tr\/wp-json\/wp\/v2\/users\/2"}],"replies":[{"embeddable":true,"href":"https:\/\/emojikitchen.pro\/tr\/wp-json\/wp\/v2\/comments?post=252"}],"version-history":[{"count":3,"href":"https:\/\/emojikitchen.pro\/tr\/wp-json\/wp\/v2\/pages\/252\/revisions"}],"predecessor-version":[{"id":413,"href":"https:\/\/emojikitchen.pro\/tr\/wp-json\/wp\/v2\/pages\/252\/revisions\/413"}],"wp:attachment":[{"href":"https:\/\/emojikitchen.pro\/tr\/wp-json\/wp\/v2\/media?parent=252"}],"curies":[{"name":"wp","href":"https:\/\/api.w.org\/{rel}","templated":true}]}}