{"id":409,"date":"2024-07-30T15:45:05","date_gmt":"2024-07-30T15:45:05","guid":{"rendered":"https:\/\/emojikitchen.pro\/contact-us\/"},"modified":"2024-08-12T11:18:51","modified_gmt":"2024-08-12T11:18:51","slug":"contact-us","status":"publish","type":"page","link":"https:\/\/emojikitchen.pro\/pt-br\/contact-us\/","title":{"rendered":"Contact Us"},"content":{"rendered":"\n<p class=\"kt-adv-heading409_756d85-1f wp-block-kadence-advancedheading\" data-kb-block=\"kb-adv-heading409_756d85-1f\">Bem-vindo ao EmojiKitchen.pro, seu guia definitivo para EmojiKitchen.pro.<\/p>\n\n\n\n<h2 class=\"kt-adv-heading409_9fefe2-b7 wp-block-kadence-advancedheading\" data-kb-block=\"kb-adv-heading409_9fefe2-b7\"><ul class=\"wp-block-list\" style=\"box-sizing: border-box; margin: 0 0 var(--global-md-spacing); color: rgb(45, 55, 72); font-size: medium; font-weight: 400; white-space-collapse: collapse; background-color: rgb(255, 255, 255);\"><\/ul><\/h2>\n\n\n\n<ul class=\"wp-block-list\">\n<li>E-mail: Entre em contato conosco atrav\u00e9s do formul\u00e1rio de contato abaixo para d\u00favidas, assist\u00eancia ou para compartilhar suas experi\u00eancias gastron\u00f4micas. N\u00f3s nos esfor\u00e7amos para responder a todos os e-mails dentro de 24 horas.<\/li>\n\n\n\n<li>Feedback e sugest\u00f5es: Valorizamos seus coment\u00e1rios e sugest\u00f5es. Por favor, ajude-nos a melhorar o EmojiKitchen.pro compartilhando suas id\u00e9ias.<\/li>\n<\/ul>\n\n\n\n<h2 class=\"kt-adv-heading409_2844b3-33 wp-block-kadence-advancedheading\" data-kb-block=\"kb-adv-heading409_2844b3-33\"><strong>Junte-se \u00e0 nossa comunidade<\/strong><\/h2>\n\n\n\n<p>Torne-se parte da nossa crescente comunidade de entusiastas de jogos e ca\u00e7adores de pechinchas. Compartilhe suas descobertas, dicas e perguntas com outros membros e ajude-nos a criar um espa\u00e7o cheio de recursos para todos os assuntos relacionados a jogos ao redor do mundo.<\/p>\n\n\n\n<p>Obrigado por nos escolher<\/p>\n\n\n<p class=\"wpcf7-contact-form-not-found\"><strong>Erro:<\/strong> Formul\u00e1rio de contato n\u00e3o encontrado.<\/p>\n","protected":false},"excerpt":{"rendered":"<p>Torne-se parte da nossa crescente comunidade de entusiastas de jogos e ca\u00e7adores de pechinchas. Compartilhe suas descobertas, dicas e perguntas com outros membros e ajude-nos a criar um espa\u00e7o cheio de recursos para todos os assuntos relacionados a jogos ao redor do mundo. Obrigado por nos escolher<\/p>\n","protected":false},"author":2,"featured_media":0,"parent":0,"menu_order":0,"comment_status":"closed","ping_status":"closed","template":"","meta":{"_kad_post_transparent":"","_kad_post_title":"","_kad_post_layout":"","_kad_post_sidebar_id":"","_kad_post_content_style":"","_kad_post_vertical_padding":"","_kad_post_feature":"","_kad_post_feature_position":"","_kad_post_header":false,"_kad_post_footer":false,"_kad_post_classname":"","footnotes":""},"class_list":["post-409","page","type-page","status-publish","hentry"],"_links":{"self":[{"href":"https:\/\/emojikitchen.pro\/pt-br\/wp-json\/wp\/v2\/pages\/409","targetHints":{"allow":["GET"]}}],"collection":[{"href":"https:\/\/emojikitchen.pro\/pt-br\/wp-json\/wp\/v2\/pages"}],"about":[{"href":"https:\/\/emojikitchen.pro\/pt-br\/wp-json\/wp\/v2\/types\/page"}],"author":[{"embeddable":true,"href":"https:\/\/emojikitchen.pro\/pt-br\/wp-json\/wp\/v2\/users\/2"}],"replies":[{"embeddable":true,"href":"https:\/\/emojikitchen.pro\/pt-br\/wp-json\/wp\/v2\/comments?post=409"}],"version-history":[{"count":1,"href":"https:\/\/emojikitchen.pro\/pt-br\/wp-json\/wp\/v2\/pages\/409\/revisions"}],"predecessor-version":[{"id":411,"href":"https:\/\/emojikitchen.pro\/pt-br\/wp-json\/wp\/v2\/pages\/409\/revisions\/411"}],"wp:attachment":[{"href":"https:\/\/emojikitchen.pro\/pt-br\/wp-json\/wp\/v2\/media?parent=409"}],"curies":[{"name":"wp","href":"https:\/\/api.w.org\/{rel}","templated":true}]}}