{"id":286,"date":"2024-07-30T15:41:35","date_gmt":"2024-07-30T15:41:35","guid":{"rendered":"https:\/\/emojikitchen.pro\/sobre-nos\/"},"modified":"2024-08-18T10:38:52","modified_gmt":"2024-08-18T10:38:52","slug":"about-us","status":"publish","type":"page","link":"https:\/\/emojikitchen.pro\/pt-br\/about-us\/","title":{"rendered":"About Us"},"content":{"rendered":"\n<p class=\"kt-adv-heading286_6e7332-3a wp-block-kadence-advancedheading\" data-kb-block=\"kb-adv-heading286_6e7332-3a\">Bem-vindo ao nosso mundo de criatividade e inova\u00e7\u00e3o! Na EmojiKitchen.pro, acreditamos no poder da express\u00e3o e na alegria da comunica\u00e7\u00e3o. Nossa miss\u00e3o \u00e9 aprimorar a maneira como voc\u00ea se conecta com outras pessoas por meio de ferramentas e recursos digitais de ponta.<\/p>\n\n\n\n<h2 class=\"kt-adv-heading286_7228a2-97 wp-block-kadence-advancedheading\" data-kb-block=\"kb-adv-heading286_7228a2-97\">Emoji Kitchen: libere sua criatividade com mashups de emojis personalizados<\/h2>\n\n\n\n<p class=\"kt-adv-heading286_b19e96-b4 wp-block-kadence-advancedheading\" data-kb-block=\"kb-adv-heading286_b19e96-b4\">Um de nossos recursos de destaque \u00e9 o Emoji Kitchen, uma ferramenta encantadora e inovadora do Google que permite aos usu\u00e1rios criar mashups de emojis personalizados. Lan\u00e7ado no Gboard, o aplicativo de teclado do Google, o Emoji Kitchen oferece uma maneira l\u00fadica de expressar emo\u00e7\u00f5es e ideias, combinando dois emojis existentes em um h\u00edbrido \u00fanico. Esse recurso explora o potencial criativo dos emojis, permitindo que os usu\u00e1rios experimentem milhares de combina\u00e7\u00f5es para encontrar a representa\u00e7\u00e3o visual perfeita de seus sentimentos.<\/p>\n\n\n\n<h3 class=\"kt-adv-heading286_303a06-a2 wp-block-kadence-advancedheading\" data-kb-block=\"kb-adv-heading286_303a06-a2\">Como usar a Emoji Kitchen<\/h3>\n\n\n\n<p class=\"kt-adv-heading286_858704-7a wp-block-kadence-advancedheading\" data-kb-block=\"kb-adv-heading286_858704-7a\">Esse recurso \u00e9 f\u00e1cil de usar: basta tocar em um emoji no Gboard e o teclado ir\u00e1 sugerir v\u00e1rias op\u00e7\u00f5es de mashup. Essas sugest\u00f5es s\u00e3o sens\u00edveis ao contexto e mudam com base no emoji selecionado, tornando o processo de cria\u00e7\u00e3o intuitivo e cont\u00ednuo. Esteja voc\u00ea tentando transmitir uma emo\u00e7\u00e3o complexa ou apenas queira adicionar um pouco de capricho ao seu texto, Emoji Kitchen oferece um kit de ferramentas vers\u00e1til para autoexpress\u00e3o.<\/p>\n\n\n\n<h2 class=\"kt-adv-heading286_f15fe9-21 wp-block-kadence-advancedheading\" data-kb-block=\"kb-adv-heading286_f15fe9-21\">Contate-nos<\/h2>\n\n\n\n<p class=\"kt-adv-heading286_1fd210-80 wp-block-kadence-advancedheading\" data-kb-block=\"kb-adv-heading286_1fd210-80\">Adorar\u00edamos ouvir de voc\u00ea! Se voc\u00ea tiver alguma d\u00favida, feedback ou apenas quiser compartilhar suas cria\u00e7\u00f5es do Emoji Kitchen, sinta-se \u00e0 vontade para entrar em contato conosco em nossa p\u00e1gina de contato.<\/p>\n","protected":false},"excerpt":{"rendered":"","protected":false},"author":2,"featured_media":0,"parent":0,"menu_order":0,"comment_status":"closed","ping_status":"closed","template":"","meta":{"_kad_post_transparent":"","_kad_post_title":"default","_kad_post_layout":"normal","_kad_post_sidebar_id":"","_kad_post_content_style":"","_kad_post_vertical_padding":"hide","_kad_post_feature":"hide","_kad_post_feature_position":"","_kad_post_header":false,"_kad_post_footer":false,"_kad_post_classname":"","footnotes":""},"class_list":["post-286","page","type-page","status-publish","hentry"],"_links":{"self":[{"href":"https:\/\/emojikitchen.pro\/pt-br\/wp-json\/wp\/v2\/pages\/286","targetHints":{"allow":["GET"]}}],"collection":[{"href":"https:\/\/emojikitchen.pro\/pt-br\/wp-json\/wp\/v2\/pages"}],"about":[{"href":"https:\/\/emojikitchen.pro\/pt-br\/wp-json\/wp\/v2\/types\/page"}],"author":[{"embeddable":true,"href":"https:\/\/emojikitchen.pro\/pt-br\/wp-json\/wp\/v2\/users\/2"}],"replies":[{"embeddable":true,"href":"https:\/\/emojikitchen.pro\/pt-br\/wp-json\/wp\/v2\/comments?post=286"}],"version-history":[{"count":5,"href":"https:\/\/emojikitchen.pro\/pt-br\/wp-json\/wp\/v2\/pages\/286\/revisions"}],"predecessor-version":[{"id":446,"href":"https:\/\/emojikitchen.pro\/pt-br\/wp-json\/wp\/v2\/pages\/286\/revisions\/446"}],"wp:attachment":[{"href":"https:\/\/emojikitchen.pro\/pt-br\/wp-json\/wp\/v2\/media?parent=286"}],"curies":[{"name":"wp","href":"https:\/\/api.w.org\/{rel}","templated":true}]}}