{"id":328,"date":"2024-07-30T15:41:35","date_gmt":"2024-07-30T15:41:35","guid":{"rendered":"https:\/\/emojikitchen.pro\/about-us\/"},"modified":"2024-08-12T03:39:02","modified_gmt":"2024-08-12T03:39:02","slug":"about-us","status":"publish","type":"page","link":"https:\/\/emojikitchen.pro\/de\/about-us\/","title":{"rendered":"\u00dcber uns"},"content":{"rendered":"\n<p class=\"kt-adv-heading328_a908ed-11 wp-block-kadence-advancedheading\" data-kb-block=\"kb-adv-heading328_a908ed-11\">Willkommen in unserer Welt der Kreativit\u00e4t und Innovation! Bei EmojiKitchen.pro glauben wir an die Kraft des Ausdrucks und die Freude an der Kommunikation. Unsere Mission ist es, die Art und Weise, wie Sie mit anderen in Kontakt treten, durch modernste digitale Tools und Funktionen zu verbessern.<\/p>\n\n\n\n<h2 class=\"kt-adv-heading328_3904f0-92 wp-block-kadence-advancedheading\" data-kb-block=\"kb-adv-heading328_3904f0-92\">Emoji Kitchen: Entfesseln Sie Ihre Kreativit\u00e4t mit individuellen Emoji-Mashups<\/h2>\n\n\n\n<p class=\"kt-adv-heading328_4bb895-8c wp-block-kadence-advancedheading\" data-kb-block=\"kb-adv-heading328_4bb895-8c\">Eine unserer herausragenden Funktionen ist Emoji Kitchen, ein reizvolles und innovatives Tool von Google, mit dem Nutzer individuelle Emoji-Mashups erstellen k\u00f6nnen. Emoji Kitchen wurde in Gboard, der Tastatur-App von Google, eingef\u00fchrt und bietet eine spielerische M\u00f6glichkeit, Emotionen und Ideen auszudr\u00fccken, indem zwei bestehende Emojis zu einem einzigartigen Hybrid kombiniert werden. Diese Funktion nutzt das kreative Potenzial von Emojis und l\u00e4sst die Nutzer mit Tausenden von Kombinationen experimentieren, um die perfekte visuelle Darstellung ihrer Gef\u00fchle zu finden.<\/p>\n\n\n\n<h3 class=\"kt-adv-heading328_26484a-58 wp-block-kadence-advancedheading\" data-kb-block=\"kb-adv-heading328_26484a-58\">Eine neue Art, sich auszudr\u00fccken<\/h3>\n\n\n\n<p class=\"kt-adv-heading328_2bba8b-b1 wp-block-kadence-advancedheading\" data-kb-block=\"kb-adv-heading328_2bba8b-b1\">Stellen Sie sich vor, ein Smiley-Gesicht mit Herzaugen zu kombinieren, um ein ausdrucksstarkes Emoji zu schaffen, das intensive Freude und Liebe vermittelt. Oder mischen Sie einen Kaktus mit einem Partyknaller, um eine stachelige Feier darzustellen. Die M\u00f6glichkeiten sind vielf\u00e4ltig und oft humorvoll und bringen eine neue Ebene des Spa\u00dfes in die digitale Kommunikation. Emoji Kitchen verbessert nicht nur die Art und Weise, wie wir kommunizieren, sondern ermutigt die Nutzer auch, \u00fcber den Tellerrand hinauszuschauen und kreativ mit ihren Nachrichten zu werden.<\/p>\n\n\n\n<h3 class=\"kt-adv-heading328_e8ebbe-ac wp-block-kadence-advancedheading\" data-kb-block=\"kb-adv-heading328_e8ebbe-ac\">Verwendung von Emoji Kitchen<\/h3>\n\n\n\n<p class=\"kt-adv-heading328_105e63-57 wp-block-kadence-advancedheading\" data-kb-block=\"kb-adv-heading328_105e63-57\">Diese Funktion ist einfach zu verwenden: Tippen Sie einfach auf ein Emoji in Gboard, und die Tastatur schl\u00e4gt verschiedene Mashup-Optionen vor. Diese Vorschl\u00e4ge sind kontextabh\u00e4ngig und \u00e4ndern sich je nach ausgew\u00e4hltem Emoji, sodass der Erstellungsprozess intuitiv und nahtlos verl\u00e4uft. Ganz gleich, ob Sie versuchen, eine komplexe Emotion auszudr\u00fccken, oder ob Sie Ihren Text einfach nur ein wenig auflockern m\u00f6chten, Emoji Kitchen bietet ein vielseitiges Toolkit f\u00fcr den Selbstausdruck.<\/p>\n\n\n\n<h3 class=\"kt-adv-heading328_9da722-a1 wp-block-kadence-advancedheading\" data-kb-block=\"kb-adv-heading328_9da722-a1\">Jenseits von Personal Messaging<\/h3>\n\n\n\n<p class=\"kt-adv-heading328_f0bf4a-0c wp-block-kadence-advancedheading\" data-kb-block=\"kb-adv-heading328_f0bf4a-0c\">Neben pers\u00f6nlichen Nachrichten hat Emoji Kitchen auch einen Platz in den sozialen Medien gefunden und erm\u00f6glicht es den Nutzern, einzigartige Emojis zu erstellen, die in ihren Beitr\u00e4gen und Geschichten hervorstechen. Es ist ein Beweis f\u00fcr die sich entwickelnde Natur der digitalen Kommunikation, in der statische Bilder dynamischen und personalisierten Ausdr\u00fccken weichen.<\/p>\n\n\n\n<h2 class=\"kt-adv-heading328_6fb2e4-b1 wp-block-kadence-advancedheading\" data-kb-block=\"kb-adv-heading328_6fb2e4-b1\">Schlussfolgerung<\/h2>\n\n\n\n<p class=\"kt-adv-heading328_e78027-b8 wp-block-kadence-advancedheading\" data-kb-block=\"kb-adv-heading328_e78027-b8\">Im Grunde ist Emoji Kitchen mehr als nur ein lustiges Tool, es ist ein Fest der Kreativit\u00e4t und Individualit\u00e4t im digitalen Zeitalter. Indem es den Nutzern erm\u00f6glicht, ihre eigenen Emojis zu erstellen, unterstreicht es die Bedeutung des pers\u00f6nlichen Ausdrucks und die endlosen M\u00f6glichkeiten der visuellen Sprache. Egal, ob Sie nur gelegentlich texten oder sich f\u00fcr soziale Medien interessieren, Emoji Kitchen wird Ihre Online-Interaktionen mit Sicherheit kreativer gestalten.<\/p>\n\n\n\n<h2 class=\"kt-adv-heading328_2076e8-92 wp-block-kadence-advancedheading\" data-kb-block=\"kb-adv-heading328_2076e8-92\">Kontakt<\/h2>\n\n\n\n<p class=\"kt-adv-heading328_0d682c-a6 wp-block-kadence-advancedheading\" data-kb-block=\"kb-adv-heading328_0d682c-a6\">Wir w\u00fcrden uns freuen, von Ihnen zu h\u00f6ren! Wenn du Fragen hast, uns Feedback gibst oder einfach nur deine Emoji Kitchen-Kreationen mit uns teilen m\u00f6chtest, kannst du uns gerne \u00fcber unsere Kontaktseite erreichen.<\/p>\n","protected":false},"excerpt":{"rendered":"","protected":false},"author":2,"featured_media":0,"parent":0,"menu_order":0,"comment_status":"closed","ping_status":"closed","template":"","meta":{"_kad_post_transparent":"","_kad_post_title":"","_kad_post_layout":"","_kad_post_sidebar_id":"","_kad_post_content_style":"","_kad_post_vertical_padding":"","_kad_post_feature":"","_kad_post_feature_position":"","_kad_post_header":false,"_kad_post_footer":false,"_kad_post_classname":"","footnotes":""},"class_list":["post-328","page","type-page","status-publish","hentry"],"_links":{"self":[{"href":"https:\/\/emojikitchen.pro\/de\/wp-json\/wp\/v2\/pages\/328","targetHints":{"allow":["GET"]}}],"collection":[{"href":"https:\/\/emojikitchen.pro\/de\/wp-json\/wp\/v2\/pages"}],"about":[{"href":"https:\/\/emojikitchen.pro\/de\/wp-json\/wp\/v2\/types\/page"}],"author":[{"embeddable":true,"href":"https:\/\/emojikitchen.pro\/de\/wp-json\/wp\/v2\/users\/2"}],"replies":[{"embeddable":true,"href":"https:\/\/emojikitchen.pro\/de\/wp-json\/wp\/v2\/comments?post=328"}],"version-history":[{"count":1,"href":"https:\/\/emojikitchen.pro\/de\/wp-json\/wp\/v2\/pages\/328\/revisions"}],"predecessor-version":[{"id":331,"href":"https:\/\/emojikitchen.pro\/de\/wp-json\/wp\/v2\/pages\/328\/revisions\/331"}],"wp:attachment":[{"href":"https:\/\/emojikitchen.pro\/de\/wp-json\/wp\/v2\/media?parent=328"}],"curies":[{"name":"wp","href":"https:\/\/api.w.org\/{rel}","templated":true}]}}