{"id":327,"date":"2024-07-30T15:45:05","date_gmt":"2024-07-30T15:45:05","guid":{"rendered":"https:\/\/emojikitchen.pro\/contact-us\/"},"modified":"2024-08-12T04:12:46","modified_gmt":"2024-08-12T04:12:46","slug":"contact-us","status":"publish","type":"page","link":"https:\/\/emojikitchen.pro\/de\/contact-us\/","title":{"rendered":"Kontakt"},"content":{"rendered":"\n<p class=\"kt-adv-heading327_3edf0b-66 wp-block-kadence-advancedheading\" data-kb-block=\"kb-adv-heading327_3edf0b-66\">Willkommen bei EmojiKitchen.pro, Ihrem ultimativen F\u00fchrer zu EmojiKitchen.pro.<\/p>\n\n\n\n<h2 class=\"kt-adv-heading327_020089-14 wp-block-kadence-advancedheading\" data-kb-block=\"kb-adv-heading327_020089-14\"><strong>Wir sind hier, um Ihnen zu helfen<\/strong><\/h2>\n\n\n\n<p class=\"kt-adv-heading327_53904f-2c wp-block-kadence-advancedheading\" data-kb-block=\"kb-adv-heading327_53904f-2c\">Haben Sie Fragen, Anregungen oder brauchen Sie Hilfe? Unser Team ist bestrebt, Sie mit den Informationen und der Unterst\u00fctzung zu versorgen, die Sie ben\u00f6tigen, um Ihre Essenserlebnisse angenehm und erschwinglich zu gestalten.<\/p>\n\n\n\n<h2 class=\"kt-adv-heading327_24cb51-85 wp-block-kadence-advancedheading\" data-kb-block=\"kb-adv-heading327_24cb51-85\"><strong>Kontakt<\/strong><\/h2>\n\n\n\n<ul class=\"wp-block-list\">\n<li>E-Mail: Bitte kontaktieren Sie uns \u00fcber das untenstehende Kontaktformular, wenn Sie Fragen haben, Hilfe ben\u00f6tigen oder uns Ihre Erfahrungen mit einem Restaurant mitteilen m\u00f6chten. Wir bem\u00fchen uns, alle E-Mails innerhalb von 24 Stunden zu beantworten.<\/li>\n\n\n\n<li>Feedback und Vorschl\u00e4ge: Wir sch\u00e4tzen Ihr Feedback und Ihre Vorschl\u00e4ge. Bitte helfen Sie uns, EmojiKitchen.pro zu verbessern, indem Sie uns Ihre Gedanken mitteilen.<\/li>\n<\/ul>\n\n\n\n<h2 class=\"kt-adv-heading327_7aa250-80 wp-block-kadence-advancedheading\" data-kb-block=\"kb-adv-heading327_7aa250-80\"><strong>Werden Sie Mitglied unserer Gemeinschaft<\/strong><\/h2>\n\n\n\n<p>Werden Sie Teil unserer wachsenden Gemeinschaft von Gaming-Enthusiasten und Schn\u00e4ppchenj\u00e4gern. Teilen Sie Ihre Entdeckungen, Tipps und Fragen mit anderen Mitgliedern und helfen Sie uns, einen ressourcenreichen Raum f\u00fcr alle Dinge rund um das Thema Gaming auf der ganzen Welt zu schaffen.<\/p>\n\n\n\n<p>Vielen Dank f\u00fcr die Wahl tocaapkboca.com als Ihre Go-to-Quelle f\u00fcr toca boca mod apk. Wir freuen uns darauf, diese virtuelle Reise mit Ihnen anzutreten!<\/p>\n\n\n<p class=\"wpcf7-contact-form-not-found\"><strong>Fehler:<\/strong> Kontaktformular wurde nicht gefunden.<\/p>\n","protected":false},"excerpt":{"rendered":"<p>Werden Sie Teil unserer wachsenden Gemeinschaft von Gaming-Enthusiasten und Schn\u00e4ppchenj\u00e4gern. Teilen Sie Ihre Entdeckungen, Tipps und Fragen mit anderen Mitgliedern und helfen Sie uns, einen ressourcenreichen Raum f\u00fcr alle Dinge rund um das Thema Gaming auf der ganzen Welt zu schaffen. Vielen Dank f\u00fcr die Wahl tocaapkboca.com als Ihre Go-to-Quelle f\u00fcr toca boca mod apk&#8230;.<\/p>\n","protected":false},"author":2,"featured_media":0,"parent":0,"menu_order":0,"comment_status":"closed","ping_status":"closed","template":"","meta":{"_kad_post_transparent":"default","_kad_post_title":"default","_kad_post_layout":"normal","_kad_post_sidebar_id":"","_kad_post_content_style":"","_kad_post_vertical_padding":"hide","_kad_post_feature":"hide","_kad_post_feature_position":"","_kad_post_header":false,"_kad_post_footer":false,"_kad_post_classname":"","footnotes":""},"class_list":["post-327","page","type-page","status-publish","hentry"],"_links":{"self":[{"href":"https:\/\/emojikitchen.pro\/de\/wp-json\/wp\/v2\/pages\/327","targetHints":{"allow":["GET"]}}],"collection":[{"href":"https:\/\/emojikitchen.pro\/de\/wp-json\/wp\/v2\/pages"}],"about":[{"href":"https:\/\/emojikitchen.pro\/de\/wp-json\/wp\/v2\/types\/page"}],"author":[{"embeddable":true,"href":"https:\/\/emojikitchen.pro\/de\/wp-json\/wp\/v2\/users\/2"}],"replies":[{"embeddable":true,"href":"https:\/\/emojikitchen.pro\/de\/wp-json\/wp\/v2\/comments?post=327"}],"version-history":[{"count":1,"href":"https:\/\/emojikitchen.pro\/de\/wp-json\/wp\/v2\/pages\/327\/revisions"}],"predecessor-version":[{"id":333,"href":"https:\/\/emojikitchen.pro\/de\/wp-json\/wp\/v2\/pages\/327\/revisions\/333"}],"wp:attachment":[{"href":"https:\/\/emojikitchen.pro\/de\/wp-json\/wp\/v2\/media?parent=327"}],"curies":[{"name":"wp","href":"https:\/\/api.w.org\/{rel}","templated":true}]}}